{"id":2988,"date":"2026-03-04T09:38:30","date_gmt":"2026-03-04T09:38:30","guid":{"rendered":"https:\/\/sc.virje.si\/terms-and-conditions\/"},"modified":"2026-03-04T19:53:29","modified_gmt":"2026-03-04T19:53:29","slug":"splosni-pogoji-poslovanja","status":"publish","type":"page","link":"https:\/\/sc.virje.si\/sl\/splosni-pogoji-poslovanja\/","title":{"rendered":"Splo\u0161ni pogoji poslovanja"},"content":{"rendered":"\t\t<div data-elementor-type=\"wp-page\" data-elementor-id=\"2988\" class=\"elementor elementor-2988 elementor-2793\" data-elementor-post-type=\"page\">\n\t\t\t\t<div class=\"wd-negative-gap elementor-element elementor-element-bc017b4 e-flex e-con-boxed e-con e-parent\" data-id=\"bc017b4\" data-element_type=\"container\" data-e-type=\"container\">\n\t\t\t\t\t<div class=\"e-con-inner\">\n\t\t\t\t<div class=\"elementor-element elementor-element-232f7ce elementor-widget elementor-widget-heading\" data-id=\"232f7ce\" data-element_type=\"widget\" data-e-type=\"widget\" data-widget_type=\"heading.default\">\n\t\t\t\t\t<h1 class=\"elementor-heading-title elementor-size-default\">SPLO\u0160NI POGOJI POSLOVANJA<\/h1>\t\t\t\t<\/div>\n\t\t\t\t<div class=\"elementor-element elementor-element-4c24e8c color-scheme-inherit text-left elementor-widget elementor-widget-text-editor\" data-id=\"4c24e8c\" data-element_type=\"widget\" data-e-type=\"widget\" data-widget_type=\"text-editor.default\">\n\t\t\t\t\t\t\t\t\t<p>Podjetje VIRJE \u2013 \u0161port, turizem, trgovina in storitve d.o.o. (v nadaljevanju VIRJE d.o.o), Kot 2, Bovec strokovno in varno organizira \u0161portne aktivnosti v dolini So\u010de, kot so: rafting, kanjoning, kajak, hydrospeed, pustolovski park, zipline, jamarstvo, spusti z gorskimi skiroji, kolesarjenje in pohodni\u0161tvo. Poleg na\u0161tetega ponujamo tudi nastanitve v kampu (Glamping Virje) in apartmajih (Apartmaji Bov\u0161ka hi\u0161a).<\/p>\t\t\t\t\t\t\t\t<\/div>\n\t\t\t\t<div class=\"elementor-element elementor-element-450aeff color-scheme-inherit text-left elementor-widget elementor-widget-text-editor\" data-id=\"450aeff\" data-element_type=\"widget\" data-e-type=\"widget\" data-widget_type=\"text-editor.default\">\n\t\t\t\t\t\t\t\t\t<p><span style=\"color: #65c3d1;\"><a style=\"color: #65c3d1;\" href=\"\/wp-content\/uploads\/2026\/03\/splosni_pogoji_2025.pdf\" target=\"_blank\" rel=\"noopener\"><em>PDF razli\u010dica Splo\u0161nih pogojev poslovanja<\/em><\/a><\/span><\/p>\t\t\t\t\t\t\t\t<\/div>\n\t\t\t\t<div class=\"elementor-element elementor-element-0540a78 elementor-widget elementor-widget-heading\" data-id=\"0540a78\" data-element_type=\"widget\" data-e-type=\"widget\" data-widget_type=\"heading.default\">\n\t\t\t\t\t<h3 class=\"elementor-heading-title elementor-size-default\">VARNOST UDELE\u017dENCEV<\/h3>\t\t\t\t<\/div>\n\t\t\t\t<div class=\"elementor-element elementor-element-8dc6e14 color-scheme-inherit text-left elementor-widget elementor-widget-text-editor\" data-id=\"8dc6e14\" data-element_type=\"widget\" data-e-type=\"widget\" data-widget_type=\"text-editor.default\">\n\t\t\t\t\t\t\t\t\t<ul><li>\u0160portna aktivnost poteka od pristopa gostov do vodnika na \u0161tartnem mestu, do zaklju\u010dka izleta &#8211; pristanka na VIRJE d.o.o<\/li><li>ne odgovarja za po\u0161kodbe nastale izven poteka<\/li><li>Od udele\u017eencev se pri\u010dakuje, da so psihofizi\u010dno zdravi, da niso pod vplivom alkohola ali drugih psihotropnih sredstev in da znajo plavati (slednje velja za aktivnosti na vodi).<\/li><li>Od udele\u017eencev se pri\u010dakuje, da imajo urejeno lastno zdravstveno zavarovanje za primer po\u0161kodbe na ekstremnih<\/li><li>VIRJE o.o odsvetuje udele\u017ebo na \u0161portnih aktivnostih nose\u010dnicam in osebam z resnimi zdravstvenimi te\u017eavami ali po\u0161kodbami.<\/li><li>VIRJE o.o ne odgovarja za po\u0161kodbe, ki so nastale v nasprotju s podpisano Izjavo, oz. zaradi neupo\u0161tevanja navodil vodnikov<\/li><li>podjetja VIRJEo.o.<\/li><li>Vsi, ki imajo kakr\u0161nekoli po\u0161kodbe, delno sanirane po\u0161kodbe oziroma druge zdravstvene te\u017eave, na primer astmo, epilepsijo ali podobno, morajo o tem obvestiti vodnika ali drugega uslu\u017ebenca VIRJE d.o.o, pred za\u010detkom izleta.<\/li><li>Na vodnih \u0161portnih aktivnostih odsvetujemo uporabo nakita, ro\u010dnih ur, o\u010dal, video in foto VIRJE d.o.o ne prevzema<\/li><li>odgovornosti za izgubljene, ukradene ali po\u0161kodovane osebne<\/li><li>Vse morebitne po\u0161kodbe, ki nastanejo med \u0161portno aktivnostjo, morajo biti takoj prijavljene vodniku oziroma poobla\u0161\u010deni osebi v VIRJE d.o.o. Poobla\u0161\u010dena oseba v navzo\u010dnosti vodnika, udele\u017eenca in pri\u010d dogodka sestavijo in podpi\u0161ejo poro\u010dilo o nezgodi, sicer Virje d.o.o. ne bo upo\u0161tevalo nobenih po\u0161kodb, ki so sporo\u010dene naknadno.<\/li><li>\u00a0<\/li><\/ul>\t\t\t\t\t\t\t\t<\/div>\n\t\t\t\t<div class=\"elementor-element elementor-element-c2536ac elementor-widget elementor-widget-heading\" data-id=\"c2536ac\" data-element_type=\"widget\" data-e-type=\"widget\" data-widget_type=\"heading.default\">\n\t\t\t\t\t<h3 class=\"elementor-heading-title elementor-size-default\">REZERVACIJE<\/h3>\t\t\t\t<\/div>\n\t\t\t\t<div class=\"elementor-element elementor-element-ae77f08 color-scheme-inherit text-left elementor-widget elementor-widget-text-editor\" data-id=\"ae77f08\" data-element_type=\"widget\" data-e-type=\"widget\" data-widget_type=\"text-editor.default\">\n\t\t\t\t\t\t\t\t\t<p>Rezervacije sprejemamo direktno na sede\u017eu podjetja, na telefonski \u0161tevilki podjetja, e-po\u0161ti in preko na\u0161e preko spletne Rezervacija se smatra za potrjeno, ko je s strani stranke izpolnjen obrazec <strong>\u00bbPrijava na aktivnost Bovec \u0160port Center A+\u00ab <\/strong>ter vpla\u010dan <strong>celoten znesek aran\u017emaja<\/strong>. Na\u010din in vrsto vpla\u010dila se stranki dogovorita med postopkom rezervacije.<\/p>\t\t\t\t\t\t\t\t<\/div>\n\t\t\t\t<div class=\"elementor-element elementor-element-a817523 elementor-widget elementor-widget-heading\" data-id=\"a817523\" data-element_type=\"widget\" data-e-type=\"widget\" data-widget_type=\"heading.default\">\n\t\t\t\t\t<h3 class=\"elementor-heading-title elementor-size-default\">ODPOVED IN SPREMEMBA REZERVACIJE<\/h3>\t\t\t\t<\/div>\n\t\t\t\t<div class=\"elementor-element elementor-element-51b5c21 color-scheme-inherit text-left elementor-widget elementor-widget-text-editor\" data-id=\"51b5c21\" data-element_type=\"widget\" data-e-type=\"widget\" data-widget_type=\"text-editor.default\">\n\t\t\t\t\t\t\t\t\t<ul><li>VIRJE d.o.o si v primeru izrednih, objektivnih in subjektivnih okoli\u0161\u010din pridru\u017euje pravico, da kadarkoli odpove ali prekine aktivnost, \u010de je s strani podjetja VIRJE d.o.o ocenjeno, da obstaja mo\u017enost kakr\u0161ne koli izpostavljenosti nevarnosti.<\/li><li>V primeru odpovedi oziroma prekinitve izleta s strani VIRJE o.o vam povrnemo vse stro\u0161ke rezervacije.<\/li><li>V primeru odpovedi aktivnosti s strani gosta po \u017ee prejeti obvezni opremi za \u0161portno aktivnost, le ta ni upravi\u010den do povra\u010dila stro\u0161kov. Prav tako ni upravi\u010den do povra\u010dila stro\u0161kov v primeru kraj\u0161ega izleta, ki je razlog slabe fizi\u010dne pripravljenosti posameznika in bi lahko vplivala na varnost izleta.<\/li><\/ul>\t\t\t\t\t\t\t\t<\/div>\n\t\t\t\t<div class=\"elementor-element elementor-element-71e25c8 color-scheme-inherit text-left elementor-widget elementor-widget-text-editor\" data-id=\"71e25c8\" data-element_type=\"widget\" data-e-type=\"widget\" data-widget_type=\"text-editor.default\">\n\t\t\t\t\t\t\t\t\t<p><strong>V primeru odpovedi rezervacije s strani gosta, veljajo slede\u010di pogoji vra\u010dila:<\/strong><\/p><ul><li><strong>80% <\/strong>stro\u0161ka aran\u017emaja <strong>do 31 dni <\/strong>pred za\u010detkom aktivnosti in\/ali no\u010ditev<\/li><li><strong>50% <\/strong>stro\u0161ka aran\u017emaja <strong>med 30 in 8 dni <\/strong>pred za\u010detkom aktivnosti in\/ali no\u010ditev<\/li><li><strong>med 7 dni pa do za\u010detka <\/strong>aktivnosti in\/ali no\u010ditev, ne vra\u010damo stro\u0161ka aran\u017emaja.<\/li><\/ul>\t\t\t\t\t\t\t\t<\/div>\n\t\t\t\t<div class=\"elementor-element elementor-element-a793e96 elementor-widget elementor-widget-heading\" data-id=\"a793e96\" data-element_type=\"widget\" data-e-type=\"widget\" data-widget_type=\"heading.default\">\n\t\t\t\t\t<h3 class=\"elementor-heading-title elementor-size-default\">VARSTVO OSEBNIH PODATKOV<\/h3>\t\t\t\t<\/div>\n\t\t\t\t<div class=\"elementor-element elementor-element-57bdb2e color-scheme-inherit text-left elementor-widget elementor-widget-text-editor\" data-id=\"57bdb2e\" data-element_type=\"widget\" data-e-type=\"widget\" data-widget_type=\"text-editor.default\">\n\t\t\t\t\t\t\t\t\t<ul><li>VIRJE d.o.o si pridru\u017euje pravico do fotografiranja in\/ali snemanja gostov na sami aktivnosti in uporabe fotografij za interne, oziroma promocijske namene VIRJE d.o.o. Fotografije in video posnetki, narejeni s strani VIRJE d.o.o, so last VIRJE d.o.o.<\/li><li>VIRJE d.o.o vse pridobljene osebne podatke o udele\u017eencih varuje skladno s trenutno veljavnim Zakonom o varstvu osebnih podatkov (ZVOP in GDPR).<\/li><\/ul>\t\t\t\t\t\t\t\t<\/div>\n\t\t\t\t<div class=\"elementor-element elementor-element-e7181ba elementor-widget elementor-widget-heading\" data-id=\"e7181ba\" data-element_type=\"widget\" data-e-type=\"widget\" data-widget_type=\"heading.default\">\n\t\t\t\t\t<h3 class=\"elementor-heading-title elementor-size-default\">ODVEZA ODGOVORNOSTI<\/h3>\t\t\t\t<\/div>\n\t\t\t\t<div class=\"elementor-element elementor-element-72c2cc2 color-scheme-inherit text-left elementor-widget elementor-widget-text-editor\" data-id=\"72c2cc2\" data-element_type=\"widget\" data-e-type=\"widget\" data-widget_type=\"text-editor.default\">\n\t\t\t\t\t\t\t\t\t<ul><li>VIRJE o.o si pridr\u017euje pravico, da pogoje poslovanja spremeni kadarkoli in na kakr\u0161enkoli na\u010din, ne glede na razlog in brez predhodnega opozorila.<\/li><li>Nekatereaktivnostiizvajajopartnerskapodjetja,kinosijo,zaizvedboleteh,odgovornostpo denakimi<\/li><\/ul>\t\t\t\t\t\t\t\t<\/div>\n\t\t\t\t<div class=\"elementor-element elementor-element-68ea9b4 elementor-widget-divider--view-line elementor-widget elementor-widget-divider\" data-id=\"68ea9b4\" data-element_type=\"widget\" data-e-type=\"widget\" data-widget_type=\"divider.default\">\n\t\t\t\t\t\t\t<div class=\"elementor-divider\">\n\t\t\t<span class=\"elementor-divider-separator\">\n\t\t\t\t\t\t<\/span>\n\t\t<\/div>\n\t\t\t\t\t\t<\/div>\n\t\t\t\t<div class=\"elementor-element elementor-element-3cb6954 color-scheme-inherit text-left elementor-widget elementor-widget-text-editor\" data-id=\"3cb6954\" data-element_type=\"widget\" data-e-type=\"widget\" data-widget_type=\"text-editor.default\">\n\t\t\t\t\t\t\t\t\t<p>V Bovcu, 9. 1. 2025<\/p><p>Maja Kokove-Hrovat, direktor<\/p>\t\t\t\t\t\t\t\t<\/div>\n\t\t\t\t<div class=\"elementor-element elementor-element-c055c2e color-scheme-inherit text-left elementor-widget elementor-widget-text-editor\" data-id=\"c055c2e\" data-element_type=\"widget\" data-e-type=\"widget\" data-widget_type=\"text-editor.default\">\n\t\t\t\t\t\t\t\t\t<p>VIRJE d.o.o., Kot 2, 5230 Bovec; T: +386 31 263 632; E: bovec.info@gmail.com; W: www.bovec-sc.si<\/p>\t\t\t\t\t\t\t\t<\/div>\n\t\t\t\t\t<\/div>\n\t\t\t\t<\/div>\n\t\t\t\t<\/div>\n\t\t","protected":false},"excerpt":{"rendered":"<p>SPLO\u0160NI POGOJI POSLOVANJA Podjetje VIRJE \u2013 \u0161port, turizem, trgovina in storitve d.o.o. (v nadaljevanju VIRJE d.o.o), Kot 2, Bovec strokovno<\/p>\n","protected":false},"author":1,"featured_media":0,"parent":0,"menu_order":2,"comment_status":"closed","ping_status":"closed","template":"","meta":{"_acf_changed":false,"footnotes":""},"class_list":["post-2988","page","type-page","status-publish","hentry"],"acf":[],"_links":{"self":[{"href":"https:\/\/sc.virje.si\/sl\/wp-json\/wp\/v2\/pages\/2988","targetHints":{"allow":["GET"]}}],"collection":[{"href":"https:\/\/sc.virje.si\/sl\/wp-json\/wp\/v2\/pages"}],"about":[{"href":"https:\/\/sc.virje.si\/sl\/wp-json\/wp\/v2\/types\/page"}],"author":[{"embeddable":true,"href":"https:\/\/sc.virje.si\/sl\/wp-json\/wp\/v2\/users\/1"}],"replies":[{"embeddable":true,"href":"https:\/\/sc.virje.si\/sl\/wp-json\/wp\/v2\/comments?post=2988"}],"version-history":[{"count":13,"href":"https:\/\/sc.virje.si\/sl\/wp-json\/wp\/v2\/pages\/2988\/revisions"}],"predecessor-version":[{"id":3003,"href":"https:\/\/sc.virje.si\/sl\/wp-json\/wp\/v2\/pages\/2988\/revisions\/3003"}],"wp:attachment":[{"href":"https:\/\/sc.virje.si\/sl\/wp-json\/wp\/v2\/media?parent=2988"}],"curies":[{"name":"wp","href":"https:\/\/api.w.org\/{rel}","templated":true}]}}